{"id":40,"date":"2013-12-22T22:28:20","date_gmt":"2013-12-22T21:28:20","guid":{"rendered":"http:\/\/andrewjob.eu\/?page_id=40"},"modified":"2014-01-19T15:27:23","modified_gmt":"2014-01-19T15:27:23","slug":"nowa-strona","status":"publish","type":"page","link":"https:\/\/andrewjob.robocza.ovh\/","title":{"rendered":"Home &#8211; andrewjob"},"content":{"rendered":"<p style=\"text-align: center;\"><span style=\"font-size: 22px; font-weight: bold; line-height: 1.0909090909;\">\u00a0<\/span><\/p>\n<p style=\"text-align: center;\"><strong>Us\u0142ugi Remontowo Budowlane. Solidnie i Szybko.<\/strong><\/p>\n<p style=\"text-align: center;\"><strong>Reparatur &amp; Aufbau. Zuverl\u00e4ssig und schnell.<\/strong><\/p>\n<p style=\"text-align: center;\"><span style=\"font-weight: bold; line-height: 1.5;\">Repair &amp; Construction. Reliably and quickly.<\/span><\/p>\n<p style=\"text-align: center;\"><a href=\"http:\/\/andrewjob.eu\/wp-content\/uploads\/ngg_featured\/296164_266229513408725_1440583899_n.jpg\"><img loading=\"lazy\" decoding=\"async\" class=\"wp-image-90 aligncenter\" style=\"border: 10px solid black;\" alt=\"296164_266229513408725_1440583899_n\" src=\"http:\/\/andrewjob.eu\/wp-content\/uploads\/ngg_featured\/296164_266229513408725_1440583899_n-300x225.jpg\" width=\"300\" height=\"225\" srcset=\"https:\/\/andrewjob.robocza.ovh\/wp-content\/uploads\/ngg_featured\/296164_266229513408725_1440583899_n-300x225.jpg 300w, https:\/\/andrewjob.robocza.ovh\/wp-content\/uploads\/ngg_featured\/296164_266229513408725_1440583899_n.jpg 720w\" sizes=\"auto, (max-width: 300px) 100vw, 300px\" \/><\/a><\/p>\n<p>&nbsp;<\/p>\n<p>Zajmuje sie remontami zawodowo ale i z pasja. D\u0142ugoletnie do\u015bwiadczenie pozwala mi na trafna i fachow\u0105 pomoc w podejmowaniu decyzji w doborze ilo\u015bci potrzebnych materia\u0142\u00f3w jaki i w zaplanowaniu funkcjonalno\u015bci. \u00a0W swoim dorobku posiadam wiele zrealizowanych kontrakt\u00f3w&#8230;.Wykonuje pe\u0142en zakres us\u0142ug budowlanych, remonty i wyko\u0144czenia.\u00a0Cechuje Mnie<strong> \u00a0wysoka<\/strong><b> jako\u015b\u0107\u00a0<\/b>\u015bwiadczonych us\u0142ug oraz\u00a0<b>terminowo\u015b\u0107<\/b>\u00a0ich realizacji. Moim\u00a0celem jest stworzenie Pa\u0144stwu mo\u017cliwo\u015bci osi\u0105gni\u0119cia satysfakcji jak\u0105 jest mieszkanie we w\u0142asnym domu. Aby to osi\u0105gn\u0105\u0107 kieruje \u00a0si\u0119 nast\u0119puj\u0105cymi zasadami:<\/p>\n<p>\u00bb konkurencyjna cena<br \/>\n\u00bb najwy\u017csza jako\u015b\u0107<br \/>\n\u00bb kr\u00f3tki czas realizacji<br \/>\n\u00bb fachowa obs\u0142uga<\/p>\n<p><a href=\"http:\/\/andrewjob.eu\/wp-content\/uploads\/2013\/12\/flaga-niemiec1.jpg\"><img loading=\"lazy\" decoding=\"async\" alt=\"flaga niemiec\" src=\"http:\/\/andrewjob.eu\/wp-content\/uploads\/2013\/12\/flaga-niemiec1.jpg\" width=\"158\" height=\"158\" \/><\/a>Herzlich Willkommen auf meiner Seite<\/p>\n<p>Ich besch\u00e4ftige mich mit Reparaturen professionell und mit Leidenschaft. Meine langj\u00e4hrige Erfahrung erm\u00f6glicht es mir, genaue und professionelle Unterst\u00fctzung in der Entscheidungsfindung bei der Wahl und der Menge der Materialien zu geben so wie auch Planungsfunktionalit\u00e4t. Durch meinen Service wurden schon viele Vertr\u00e4ge abgeschlossen \u2026. Ich f\u00fchre eine vollst\u00e4ndige Palette von Bau-Service \u00fcber Reparaturen und Veredelung. Gekennzeichnet sind meine Dienstleistungen von hoher Qualit\u00e4t und fristgerechter Umsetzung. Mein Ziel ist es mit ihnen ein Zuhause zu planen und dieses zu realisieren. Geleitet werde ich von den folgenden Grunds\u00e4tzen:<\/p>\n<p>\u00bbKonkurrenzf\u00e4higer Preis<br \/>\n\u00bbH\u00f6chste Qualit\u00e4t<br \/>\n\u00bbKurze Lieferzeit<br \/>\n\u00bbProfessioneller Service<\/p>\n<p><a href=\"http:\/\/andrewjob.eu\/wp-content\/uploads\/2013\/12\/flaga_anglii.jpg\"><img loading=\"lazy\" decoding=\"async\" class=\"alignnone size-full wp-image-197\" alt=\"flaga_anglii\" src=\"http:\/\/andrewjob.eu\/wp-content\/uploads\/2013\/12\/flaga_anglii.jpg\" width=\"133\" height=\"100\" \/><\/a>Welcome to my page<br \/>\nDeals with repairs professionally but also with passion. Many years of experience allows me to offer accurate and professional assistance in decision-making in choosing the amount of materials needed and how planning functionality. My achievements have completed many contracts \u2026. I perform a full range of construction services, repairs and finishing. My service is characterized from high quality and timely implementation. My goal is to provide you with opportunities to achieve your satisfaction with a new home. To achieve this I&#8217;am guided by the following principles:<\/p>\n<p>\u00bbCompetitive price<br \/>\n\u00bbHighest quality<br \/>\n\u00bbShort lead time<br \/>\n\u00bbProfessional service<\/p>\n<p>&nbsp;<\/p>\n","protected":false},"excerpt":{"rendered":"<p>\u00a0 Us\u0142ugi Remontowo Budowlane. Solidnie i Szybko. Reparatur &amp; Aufbau. Zuverl\u00e4ssig und schnell. Repair &amp; Construction. Reliably and quickly. &nbsp; Zajmuje sie remontami zawodowo ale i z pasja. D\u0142ugoletnie do\u015bwiadczenie pozwala mi na trafna i fachow\u0105 pomoc w podejmowaniu decyzji w doborze ilo\u015bci potrzebnych materia\u0142\u00f3w jaki i w zaplanowaniu funkcjonalno\u015bci. \u00a0W swoim dorobku posiadam wiele &hellip; <a href=\"https:\/\/andrewjob.robocza.ovh\/\" class=\"more-link\">Czytaj dalej <span class=\"screen-reader-text\">Home &#8211; andrewjob<\/span> <span class=\"meta-nav\">&rarr;<\/span><\/a><\/p>\n","protected":false},"author":1,"featured_media":0,"parent":0,"menu_order":0,"comment_status":"closed","ping_status":"closed","template":"","meta":{"ngg_post_thumbnail":0,"footnotes":""},"class_list":["post-40","page","type-page","status-publish","hentry"],"_links":{"self":[{"href":"https:\/\/andrewjob.robocza.ovh\/index.php?rest_route=\/wp\/v2\/pages\/40","targetHints":{"allow":["GET"]}}],"collection":[{"href":"https:\/\/andrewjob.robocza.ovh\/index.php?rest_route=\/wp\/v2\/pages"}],"about":[{"href":"https:\/\/andrewjob.robocza.ovh\/index.php?rest_route=\/wp\/v2\/types\/page"}],"author":[{"embeddable":true,"href":"https:\/\/andrewjob.robocza.ovh\/index.php?rest_route=\/wp\/v2\/users\/1"}],"replies":[{"embeddable":true,"href":"https:\/\/andrewjob.robocza.ovh\/index.php?rest_route=%2Fwp%2Fv2%2Fcomments&post=40"}],"version-history":[{"count":29,"href":"https:\/\/andrewjob.robocza.ovh\/index.php?rest_route=\/wp\/v2\/pages\/40\/revisions"}],"predecessor-version":[{"id":209,"href":"https:\/\/andrewjob.robocza.ovh\/index.php?rest_route=\/wp\/v2\/pages\/40\/revisions\/209"}],"wp:attachment":[{"href":"https:\/\/andrewjob.robocza.ovh\/index.php?rest_route=%2Fwp%2Fv2%2Fmedia&parent=40"}],"curies":[{"name":"wp","href":"https:\/\/api.w.org\/{rel}","templated":true}]}}